{"id":13102,"date":"2023-12-20T09:44:04","date_gmt":"2023-12-20T08:44:04","guid":{"rendered":"https:\/\/cptsdracenie.fr\/?page_id=13102"},"modified":"2023-12-20T10:37:31","modified_gmt":"2023-12-20T09:37:31","slug":"fiche-dinformation-sur-le-lithium-par-le-dr-helene-verdoux","status":"publish","type":"page","link":"https:\/\/cptsdracenie.fr\/index.php\/mission-de-sante\/parcours-de-soins\/sante-mentale-en-dracenie\/fiche-dinformation-sur-le-lithium-par-le-dr-helene-verdoux\/","title":{"rendered":"Fiche d&rsquo;information sur le lithium par le Dr H\u00e9l\u00e8ne Verdoux"},"content":{"rendered":"<div data-colibri-id=\"13102-c1\" class=\"style-2652 style-local-13102-c1 position-relative\">\n  <!---->\n  <div data-colibri-component=\"section\" data-colibri-id=\"13102-c2\" id=\"about\" class=\"h-section h-section-global-spacing d-flex align-items-lg-center align-items-md-center align-items-center style-2653 style-local-13102-c2 position-relative\">\n    <!---->\n    <!---->\n    <div class=\"h-section-grid-container h-section-boxed-container\">\n      <!---->\n      <div data-colibri-id=\"13102-c3\" class=\"h-row-container gutters-row-lg-0 gutters-row-md-0 gutters-row-0 gutters-row-v-lg-0 gutters-row-v-md-0 gutters-row-v-0 style-2654 style-local-13102-c3 position-relative\">\n        <!---->\n        <div class=\"h-row justify-content-lg-center justify-content-md-center justify-content-center align-items-lg-stretch align-items-md-stretch align-items-stretch gutters-col-lg-0 gutters-col-md-0 gutters-col-0 gutters-col-v-lg-0 gutters-col-v-md-0 gutters-col-v-0\">\n          <!---->\n          <div class=\"h-column h-column-container d-flex h-col-lg-auto h-col-md-auto h-col-auto style-2655-outer style-local-13102-c4-outer\">\n            <div data-colibri-id=\"13102-c4\" class=\"d-flex h-flex-basis h-column__inner h-px-lg-0 h-px-md-0 h-px-0 v-inner-lg-0 v-inner-md-0 v-inner-0 style-2655 style-local-13102-c4 position-relative\">\n              <!---->\n              <!---->\n              <div class=\"w-100 h-y-container h-column__content h-column__v-align flex-basis-100 align-self-lg-start align-self-md-start align-self-start\">\n                <!---->\n                <div data-colibri-id=\"13102-c5\" class=\"h-global-transition-all h-heading style-2656 style-local-13102-c5 position-relative h-element\">\n                  <!---->\n                  <div class=\"h-heading__outer style-2656 style-local-13102-c5\">\n                    <!---->\n                    <!---->\n                    <h5 class=\"\">About us<\/h5>\n                  <\/div>\n                <\/div>\n                <div data-colibri-id=\"13102-c6\" class=\"h-global-transition-all h-heading style-2657 style-local-13102-c6 position-relative h-element\">\n                  <!---->\n                  <div class=\"h-heading__outer style-2657 style-local-13102-c6\">\n                    <!---->\n                    <!---->\n                    <h2 class=\"\">LE LITHIUM<\/h2>\n                  <\/div>\n                <\/div>\n                <div data-colibri-id=\"13102-c7\" class=\"h-text h-text-component style-2658 style-local-13102-c7 position-relative h-element\">\n                  <!---->\n                  <!---->\n                  <div class=\"\">\n                    <p>Extrait du vidal<\/p>\n                    <p>\u00ab\u00a0En oligoth\u00e9rapie, le lithium, \u00e9l\u00e9ment min\u00e9ral trace a une action sur le syst\u00e8me nerveux.<\/p>\n                    <p>En psychiatrie, le lithium est un normothymique (r\u00e9gulateur de l&rsquo;humeur).<\/p>\n                    <p>En dermatologie, les m\u00e9canismes d&rsquo;action du lithium dans le traitement de la dermite s\u00e9borrh\u00e9ique sont incompl\u00e8tement connus.\u00a0\u00bb.<\/p>\n                    <p>\n                      <br>\n                    <\/p>\n                  <\/div>\n                <\/div>\n                <div data-colibri-id=\"13102-c15\" class=\"h-x-container style-2665 style-local-13102-c15 position-relative h-element\">\n                  <!---->\n                  <div class=\"h-x-container-inner style-dynamic-13102-c15-group style-2665-spacing style-local-13102-c15-spacing\"><span class=\"h-link__outer style-2666-outer style-local-13102-c16-outer d-inline-flex h-element\"><a h-use-smooth-scroll=\"true\" href=\"https:\/\/www.psychopharma.fr\/medicaments\/lithium-teralithe\"  data-colibri-id=\"13102-c16\" class=\"d-flex w-100 align-items-center h-link style-2666 style-local-13102-c16 position-relative\"><!----><!----> <span>Lithium informations <\/span><\/a>\n                    <\/span>\n                  <\/div>\n                <\/div>\n              <\/div>\n            <\/div>\n          <\/div>\n          <div class=\"h-column h-column-container d-flex h-col-lg-auto h-col-md-auto h-col-auto style-2659-outer style-local-13102-c8-outer\">\n            <div data-colibri-id=\"13102-c8\" class=\"d-flex h-flex-basis h-column__inner h-ui-empty-state-container h-px-lg-2 h-px-md-2 h-px-2 v-inner-lg-2 v-inner-md-2 v-inner-2 style-2659 style-local-13102-c8 position-relative\">\n              <!---->\n              <!---->\n              <div class=\"w-100 h-y-container h-column__content h-column__v-align flex-basis-100\">\n                <!---->\n              <\/div>\n            <\/div>\n          <\/div>\n        <\/div>\n      <\/div>\n      <div data-colibri-id=\"13102-c9\" class=\"h-row-container gutters-row-lg-2 gutters-row-md-2 gutters-row-0 gutters-row-v-lg-2 gutters-row-v-md-2 gutters-row-v-2 style-2660 style-local-13102-c9 position-relative\">\n        <!---->\n        <div class=\"h-row justify-content-lg-center justify-content-md-center justify-content-center align-items-lg-stretch align-items-md-stretch align-items-stretch gutters-col-lg-2 gutters-col-md-2 gutters-col-0 gutters-col-v-lg-2 gutters-col-v-md-2 gutters-col-v-2\">\n          <!---->\n          <div class=\"h-column h-column-container d-flex h-col-lg-auto h-col-md-auto h-col-auto style-2661-outer style-local-13102-c10-outer\">\n            <div data-colibri-id=\"13102-c10\" class=\"d-flex h-flex-basis h-column__inner h-px-lg-2 h-px-md-2 h-px-2 v-inner-lg-2 v-inner-md-2 v-inner-2 style-2661 style-local-13102-c10 position-relative\">\n              <!---->\n              <!---->\n              <div class=\"w-100 h-y-container h-column__content h-column__v-align flex-basis-100 align-self-lg-start align-self-md-start align-self-start\">\n                <!---->\n                <div data-colibri-id=\"13102-c11\" class=\"h-x-container style-2662 style-local-13102-c11 position-relative h-element\">\n                  <!---->\n                  <div class=\"h-x-container-inner style-dynamic-13102-c11-group style-2662-spacing style-local-13102-c11-spacing\"><span class=\"h-link__outer style-2663-outer style-local-13102-c12-outer d-inline-flex h-element\"><a h-use-smooth-scroll=\"true\" href=\"https:\/\/cptsdracenie.fr\/wp-content\/uploads\/2023\/12\/Fiche-lithium-neuroprotection.pdf\"  data-colibri-id=\"13102-c12\" class=\"d-flex w-100 align-items-center h-link style-2663 style-local-13102-c12 position-relative\"><!----><!----> <span>Fiche lithium &#8211; neuroprotection<\/span><\/a>\n                    <\/span>\n                  <\/div>\n                <\/div>\n                <div data-colibri-id=\"13102-c13\" class=\"h-x-container style-2664 style-local-13102-c13 position-relative h-element\">\n                  <!---->\n                  <div class=\"h-x-container-inner style-dynamic-13102-c13-group style-2664-spacing style-local-13102-c13-spacing\"><span class=\"h-link__outer style-2663-outer style-local-13102-c14-outer d-inline-flex h-element\"><a h-use-smooth-scroll=\"true\" href=\"https:\/\/cptsdracenie.fr\/wp-content\/uploads\/2023\/12\/Fiche-lithium-leau-et-les-reins.pdf\"  data-colibri-id=\"13102-c14\" class=\"d-flex w-100 align-items-center h-link style-2663 style-local-13102-c14 position-relative\"><!----><!----> <span>Fiche lithium &#8211; l&rsquo;eau et les reins<\/span><\/a>\n                    <\/span>\n                  <\/div>\n                <\/div>\n              <\/div>\n            <\/div>\n          <\/div>\n        <\/div>\n      <\/div>\n    <\/div>\n  <\/div>\n<\/div>","protected":false},"excerpt":{"rendered":"<p>About us LE LITHIUM Extrait du vidal \u00ab\u00a0En oligoth\u00e9rapie, le lithium, \u00e9l\u00e9ment min\u00e9ral trace a une action sur le syst\u00e8me nerveux. En psychiatrie, le lithium est un normothymique (r\u00e9gulateur de l&rsquo;humeur). En dermatologie, les m\u00e9canismes d&rsquo;action du lithium dans le traitement de la dermite s\u00e9borrh\u00e9ique sont incompl\u00e8tement connus.\u00a0\u00bb. Lithium informations Fiche lithium &#8211; neuroprotection Fiche [&hellip;]<\/p>\n","protected":false},"author":4,"featured_media":13105,"parent":11385,"menu_order":3,"comment_status":"closed","ping_status":"closed","template":"page-templates\/full-width-page.php","meta":{"footnotes":""},"class_list":["post-13102","page","type-page","status-publish","has-post-thumbnail","hentry"],"yoast_head":"<!-- This site is optimized with the Yoast SEO plugin v27.3 - https:\/\/yoast.com\/product\/yoast-seo-wordpress\/ -->\n<title>Fiche d&#039;information sur le lithium par le Dr H\u00e9l\u00e8ne Verdoux &#8211; Communaut\u00e9 Professionnelle Territoriale de Sant\u00e9 Drac\u00e9nie Provence Verdon<\/title>\n<meta name=\"description\" content=\"CPTS Drac\u00e9nie Provence Verdon Draguignan Var M\u00e9decin Acc\u00e8s Soin Parcours\" \/>\n<meta name=\"robots\" content=\"index, follow, max-snippet:-1, max-image-preview:large, max-video-preview:-1\" \/>\n<link rel=\"canonical\" href=\"https:\/\/cptsdracenie.fr\/index.php\/mission-de-sante\/parcours-de-soins\/sante-mentale-en-dracenie\/fiche-dinformation-sur-le-lithium-par-le-dr-helene-verdoux\/\" \/>\n<meta property=\"og:locale\" content=\"fr_FR\" \/>\n<meta property=\"og:type\" content=\"article\" \/>\n<meta property=\"og:title\" content=\"Fiche d&#039;information sur le lithium par le Dr H\u00e9l\u00e8ne Verdoux &#8211; Communaut\u00e9 Professionnelle Territoriale de Sant\u00e9 Drac\u00e9nie Provence Verdon\" \/>\n<meta property=\"og:description\" content=\"CPTS Drac\u00e9nie Provence Verdon Draguignan Var M\u00e9decin Acc\u00e8s Soin Parcours\" \/>\n<meta property=\"og:url\" content=\"https:\/\/cptsdracenie.fr\/index.php\/mission-de-sante\/parcours-de-soins\/sante-mentale-en-dracenie\/fiche-dinformation-sur-le-lithium-par-le-dr-helene-verdoux\/\" \/>\n<meta property=\"og:site_name\" content=\"Communaut\u00e9 Professionnelle Territoriale de Sant\u00e9 Drac\u00e9nie Provence Verdon\" \/>\n<meta property=\"article:publisher\" content=\"https:\/\/www.facebook.com\/CPTSDPV\/\" \/>\n<meta property=\"article:modified_time\" content=\"2023-12-20T09:37:31+00:00\" \/>\n<meta property=\"og:image\" content=\"https:\/\/cptsdracenie.fr\/wp-content\/uploads\/2023\/12\/OIP-1-1.jpeg\" \/>\n\t<meta property=\"og:image:width\" content=\"305\" \/>\n\t<meta property=\"og:image:height\" content=\"183\" \/>\n\t<meta property=\"og:image:type\" content=\"image\/jpeg\" \/>\n<meta name=\"twitter:card\" content=\"summary_large_image\" \/>\n<meta name=\"twitter:label1\" content=\"Dur\u00e9e de lecture estim\u00e9e\" \/>\n\t<meta name=\"twitter:data1\" content=\"1 minute\" \/>\n<script type=\"application\/ld+json\" class=\"yoast-schema-graph\">{\"@context\":\"https:\\\/\\\/schema.org\",\"@graph\":[{\"@type\":\"WebPage\",\"@id\":\"https:\\\/\\\/cptsdracenie.fr\\\/index.php\\\/mission-de-sante\\\/parcours-de-soins\\\/sante-mentale-en-dracenie\\\/fiche-dinformation-sur-le-lithium-par-le-dr-helene-verdoux\\\/\",\"url\":\"https:\\\/\\\/cptsdracenie.fr\\\/index.php\\\/mission-de-sante\\\/parcours-de-soins\\\/sante-mentale-en-dracenie\\\/fiche-dinformation-sur-le-lithium-par-le-dr-helene-verdoux\\\/\",\"name\":\"Fiche d'information sur le lithium par le Dr H\u00e9l\u00e8ne Verdoux &#8211; Communaut\u00e9 Professionnelle Territoriale de Sant\u00e9 Drac\u00e9nie Provence Verdon\",\"isPartOf\":{\"@id\":\"https:\\\/\\\/cptsdracenie.fr\\\/#website\"},\"primaryImageOfPage\":{\"@id\":\"https:\\\/\\\/cptsdracenie.fr\\\/index.php\\\/mission-de-sante\\\/parcours-de-soins\\\/sante-mentale-en-dracenie\\\/fiche-dinformation-sur-le-lithium-par-le-dr-helene-verdoux\\\/#primaryimage\"},\"image\":{\"@id\":\"https:\\\/\\\/cptsdracenie.fr\\\/index.php\\\/mission-de-sante\\\/parcours-de-soins\\\/sante-mentale-en-dracenie\\\/fiche-dinformation-sur-le-lithium-par-le-dr-helene-verdoux\\\/#primaryimage\"},\"thumbnailUrl\":\"https:\\\/\\\/cptsdracenie.fr\\\/wp-content\\\/uploads\\\/2023\\\/12\\\/OIP-1-1.jpeg\",\"datePublished\":\"2023-12-20T08:44:04+00:00\",\"dateModified\":\"2023-12-20T09:37:31+00:00\",\"description\":\"CPTS Drac\u00e9nie Provence Verdon Draguignan Var M\u00e9decin Acc\u00e8s Soin Parcours\",\"breadcrumb\":{\"@id\":\"https:\\\/\\\/cptsdracenie.fr\\\/index.php\\\/mission-de-sante\\\/parcours-de-soins\\\/sante-mentale-en-dracenie\\\/fiche-dinformation-sur-le-lithium-par-le-dr-helene-verdoux\\\/#breadcrumb\"},\"inLanguage\":\"fr-FR\",\"potentialAction\":[{\"@type\":\"ReadAction\",\"target\":[\"https:\\\/\\\/cptsdracenie.fr\\\/index.php\\\/mission-de-sante\\\/parcours-de-soins\\\/sante-mentale-en-dracenie\\\/fiche-dinformation-sur-le-lithium-par-le-dr-helene-verdoux\\\/\"]}]},{\"@type\":\"ImageObject\",\"inLanguage\":\"fr-FR\",\"@id\":\"https:\\\/\\\/cptsdracenie.fr\\\/index.php\\\/mission-de-sante\\\/parcours-de-soins\\\/sante-mentale-en-dracenie\\\/fiche-dinformation-sur-le-lithium-par-le-dr-helene-verdoux\\\/#primaryimage\",\"url\":\"https:\\\/\\\/cptsdracenie.fr\\\/wp-content\\\/uploads\\\/2023\\\/12\\\/OIP-1-1.jpeg\",\"contentUrl\":\"https:\\\/\\\/cptsdracenie.fr\\\/wp-content\\\/uploads\\\/2023\\\/12\\\/OIP-1-1.jpeg\",\"width\":305,\"height\":183,\"caption\":\"lithuim\"},{\"@type\":\"BreadcrumbList\",\"@id\":\"https:\\\/\\\/cptsdracenie.fr\\\/index.php\\\/mission-de-sante\\\/parcours-de-soins\\\/sante-mentale-en-dracenie\\\/fiche-dinformation-sur-le-lithium-par-le-dr-helene-verdoux\\\/#breadcrumb\",\"itemListElement\":[{\"@type\":\"ListItem\",\"position\":1,\"name\":\"Accueil\",\"item\":\"https:\\\/\\\/cptsdracenie.fr\\\/\"},{\"@type\":\"ListItem\",\"position\":2,\"name\":\"Missions de sant\u00e9\",\"item\":\"https:\\\/\\\/cptsdracenie.fr\\\/index.php\\\/mission-de-sante\\\/\"},{\"@type\":\"ListItem\",\"position\":3,\"name\":\"Parcours de soins\",\"item\":\"https:\\\/\\\/cptsdracenie.fr\\\/index.php\\\/mission-de-sante\\\/parcours-de-soins\\\/\"},{\"@type\":\"ListItem\",\"position\":4,\"name\":\"Sant\u00e9 mentale en drac\u00e9nie\",\"item\":\"https:\\\/\\\/cptsdracenie.fr\\\/index.php\\\/mission-de-sante\\\/parcours-de-soins\\\/sante-mentale-en-dracenie\\\/\"},{\"@type\":\"ListItem\",\"position\":5,\"name\":\"Fiche d&#8217;information sur le lithium par le Dr H\u00e9l\u00e8ne Verdoux\"}]},{\"@type\":\"WebSite\",\"@id\":\"https:\\\/\\\/cptsdracenie.fr\\\/#website\",\"url\":\"https:\\\/\\\/cptsdracenie.fr\\\/\",\"name\":\"CPTS DPV\",\"description\":\" CPTS Drac\u00e9nie Provence Verdon\",\"publisher\":{\"@id\":\"https:\\\/\\\/cptsdracenie.fr\\\/#organization\"},\"potentialAction\":[{\"@type\":\"SearchAction\",\"target\":{\"@type\":\"EntryPoint\",\"urlTemplate\":\"https:\\\/\\\/cptsdracenie.fr\\\/?s={search_term_string}\"},\"query-input\":{\"@type\":\"PropertyValueSpecification\",\"valueRequired\":true,\"valueName\":\"search_term_string\"}}],\"inLanguage\":\"fr-FR\"},{\"@type\":\"Organization\",\"@id\":\"https:\\\/\\\/cptsdracenie.fr\\\/#organization\",\"name\":\"CPTS Drac\u00e9nie-Provence-Verdon\",\"url\":\"https:\\\/\\\/cptsdracenie.fr\\\/\",\"logo\":{\"@type\":\"ImageObject\",\"inLanguage\":\"fr-FR\",\"@id\":\"https:\\\/\\\/cptsdracenie.fr\\\/#\\\/schema\\\/logo\\\/image\\\/\",\"url\":\"https:\\\/\\\/cptsdracenie.fr\\\/wp-content\\\/uploads\\\/2020\\\/01\\\/CPTS-version-2-blanc.png\",\"contentUrl\":\"https:\\\/\\\/cptsdracenie.fr\\\/wp-content\\\/uploads\\\/2020\\\/01\\\/CPTS-version-2-blanc.png\",\"width\":200,\"height\":200,\"caption\":\"CPTS Drac\u00e9nie-Provence-Verdon\"},\"image\":{\"@id\":\"https:\\\/\\\/cptsdracenie.fr\\\/#\\\/schema\\\/logo\\\/image\\\/\"},\"sameAs\":[\"https:\\\/\\\/www.facebook.com\\\/CPTSDPV\\\/\",\"https:\\\/\\\/www.linkedin.com\\\/company\\\/cpts-drac\u00e9nie-provence-verdon\\\/\"]}]}<\/script>\n<!-- \/ Yoast SEO plugin. -->","yoast_head_json":{"title":"Fiche d'information sur le lithium par le Dr H\u00e9l\u00e8ne Verdoux &#8211; Communaut\u00e9 Professionnelle Territoriale de Sant\u00e9 Drac\u00e9nie Provence Verdon","description":"CPTS Drac\u00e9nie Provence Verdon Draguignan Var M\u00e9decin Acc\u00e8s Soin Parcours","robots":{"index":"index","follow":"follow","max-snippet":"max-snippet:-1","max-image-preview":"max-image-preview:large","max-video-preview":"max-video-preview:-1"},"canonical":"https:\/\/cptsdracenie.fr\/index.php\/mission-de-sante\/parcours-de-soins\/sante-mentale-en-dracenie\/fiche-dinformation-sur-le-lithium-par-le-dr-helene-verdoux\/","og_locale":"fr_FR","og_type":"article","og_title":"Fiche d'information sur le lithium par le Dr H\u00e9l\u00e8ne Verdoux &#8211; Communaut\u00e9 Professionnelle Territoriale de Sant\u00e9 Drac\u00e9nie Provence Verdon","og_description":"CPTS Drac\u00e9nie Provence Verdon Draguignan Var M\u00e9decin Acc\u00e8s Soin Parcours","og_url":"https:\/\/cptsdracenie.fr\/index.php\/mission-de-sante\/parcours-de-soins\/sante-mentale-en-dracenie\/fiche-dinformation-sur-le-lithium-par-le-dr-helene-verdoux\/","og_site_name":"Communaut\u00e9 Professionnelle Territoriale de Sant\u00e9 Drac\u00e9nie Provence Verdon","article_publisher":"https:\/\/www.facebook.com\/CPTSDPV\/","article_modified_time":"2023-12-20T09:37:31+00:00","og_image":[{"width":305,"height":183,"url":"https:\/\/cptsdracenie.fr\/wp-content\/uploads\/2023\/12\/OIP-1-1.jpeg","type":"image\/jpeg"}],"twitter_card":"summary_large_image","twitter_misc":{"Dur\u00e9e de lecture estim\u00e9e":"1 minute"},"schema":{"@context":"https:\/\/schema.org","@graph":[{"@type":"WebPage","@id":"https:\/\/cptsdracenie.fr\/index.php\/mission-de-sante\/parcours-de-soins\/sante-mentale-en-dracenie\/fiche-dinformation-sur-le-lithium-par-le-dr-helene-verdoux\/","url":"https:\/\/cptsdracenie.fr\/index.php\/mission-de-sante\/parcours-de-soins\/sante-mentale-en-dracenie\/fiche-dinformation-sur-le-lithium-par-le-dr-helene-verdoux\/","name":"Fiche d'information sur le lithium par le Dr H\u00e9l\u00e8ne Verdoux &#8211; Communaut\u00e9 Professionnelle Territoriale de Sant\u00e9 Drac\u00e9nie Provence Verdon","isPartOf":{"@id":"https:\/\/cptsdracenie.fr\/#website"},"primaryImageOfPage":{"@id":"https:\/\/cptsdracenie.fr\/index.php\/mission-de-sante\/parcours-de-soins\/sante-mentale-en-dracenie\/fiche-dinformation-sur-le-lithium-par-le-dr-helene-verdoux\/#primaryimage"},"image":{"@id":"https:\/\/cptsdracenie.fr\/index.php\/mission-de-sante\/parcours-de-soins\/sante-mentale-en-dracenie\/fiche-dinformation-sur-le-lithium-par-le-dr-helene-verdoux\/#primaryimage"},"thumbnailUrl":"https:\/\/cptsdracenie.fr\/wp-content\/uploads\/2023\/12\/OIP-1-1.jpeg","datePublished":"2023-12-20T08:44:04+00:00","dateModified":"2023-12-20T09:37:31+00:00","description":"CPTS Drac\u00e9nie Provence Verdon Draguignan Var M\u00e9decin Acc\u00e8s Soin Parcours","breadcrumb":{"@id":"https:\/\/cptsdracenie.fr\/index.php\/mission-de-sante\/parcours-de-soins\/sante-mentale-en-dracenie\/fiche-dinformation-sur-le-lithium-par-le-dr-helene-verdoux\/#breadcrumb"},"inLanguage":"fr-FR","potentialAction":[{"@type":"ReadAction","target":["https:\/\/cptsdracenie.fr\/index.php\/mission-de-sante\/parcours-de-soins\/sante-mentale-en-dracenie\/fiche-dinformation-sur-le-lithium-par-le-dr-helene-verdoux\/"]}]},{"@type":"ImageObject","inLanguage":"fr-FR","@id":"https:\/\/cptsdracenie.fr\/index.php\/mission-de-sante\/parcours-de-soins\/sante-mentale-en-dracenie\/fiche-dinformation-sur-le-lithium-par-le-dr-helene-verdoux\/#primaryimage","url":"https:\/\/cptsdracenie.fr\/wp-content\/uploads\/2023\/12\/OIP-1-1.jpeg","contentUrl":"https:\/\/cptsdracenie.fr\/wp-content\/uploads\/2023\/12\/OIP-1-1.jpeg","width":305,"height":183,"caption":"lithuim"},{"@type":"BreadcrumbList","@id":"https:\/\/cptsdracenie.fr\/index.php\/mission-de-sante\/parcours-de-soins\/sante-mentale-en-dracenie\/fiche-dinformation-sur-le-lithium-par-le-dr-helene-verdoux\/#breadcrumb","itemListElement":[{"@type":"ListItem","position":1,"name":"Accueil","item":"https:\/\/cptsdracenie.fr\/"},{"@type":"ListItem","position":2,"name":"Missions de sant\u00e9","item":"https:\/\/cptsdracenie.fr\/index.php\/mission-de-sante\/"},{"@type":"ListItem","position":3,"name":"Parcours de soins","item":"https:\/\/cptsdracenie.fr\/index.php\/mission-de-sante\/parcours-de-soins\/"},{"@type":"ListItem","position":4,"name":"Sant\u00e9 mentale en drac\u00e9nie","item":"https:\/\/cptsdracenie.fr\/index.php\/mission-de-sante\/parcours-de-soins\/sante-mentale-en-dracenie\/"},{"@type":"ListItem","position":5,"name":"Fiche d&#8217;information sur le lithium par le Dr H\u00e9l\u00e8ne Verdoux"}]},{"@type":"WebSite","@id":"https:\/\/cptsdracenie.fr\/#website","url":"https:\/\/cptsdracenie.fr\/","name":"CPTS DPV","description":" CPTS Drac\u00e9nie Provence Verdon","publisher":{"@id":"https:\/\/cptsdracenie.fr\/#organization"},"potentialAction":[{"@type":"SearchAction","target":{"@type":"EntryPoint","urlTemplate":"https:\/\/cptsdracenie.fr\/?s={search_term_string}"},"query-input":{"@type":"PropertyValueSpecification","valueRequired":true,"valueName":"search_term_string"}}],"inLanguage":"fr-FR"},{"@type":"Organization","@id":"https:\/\/cptsdracenie.fr\/#organization","name":"CPTS Drac\u00e9nie-Provence-Verdon","url":"https:\/\/cptsdracenie.fr\/","logo":{"@type":"ImageObject","inLanguage":"fr-FR","@id":"https:\/\/cptsdracenie.fr\/#\/schema\/logo\/image\/","url":"https:\/\/cptsdracenie.fr\/wp-content\/uploads\/2020\/01\/CPTS-version-2-blanc.png","contentUrl":"https:\/\/cptsdracenie.fr\/wp-content\/uploads\/2020\/01\/CPTS-version-2-blanc.png","width":200,"height":200,"caption":"CPTS Drac\u00e9nie-Provence-Verdon"},"image":{"@id":"https:\/\/cptsdracenie.fr\/#\/schema\/logo\/image\/"},"sameAs":["https:\/\/www.facebook.com\/CPTSDPV\/","https:\/\/www.linkedin.com\/company\/cpts-drac\u00e9nie-provence-verdon\/"]}]}},"_links":{"self":[{"href":"https:\/\/cptsdracenie.fr\/index.php\/wp-json\/wp\/v2\/pages\/13102","targetHints":{"allow":["GET"]}}],"collection":[{"href":"https:\/\/cptsdracenie.fr\/index.php\/wp-json\/wp\/v2\/pages"}],"about":[{"href":"https:\/\/cptsdracenie.fr\/index.php\/wp-json\/wp\/v2\/types\/page"}],"author":[{"embeddable":true,"href":"https:\/\/cptsdracenie.fr\/index.php\/wp-json\/wp\/v2\/users\/4"}],"replies":[{"embeddable":true,"href":"https:\/\/cptsdracenie.fr\/index.php\/wp-json\/wp\/v2\/comments?post=13102"}],"version-history":[{"count":4,"href":"https:\/\/cptsdracenie.fr\/index.php\/wp-json\/wp\/v2\/pages\/13102\/revisions"}],"predecessor-version":[{"id":13127,"href":"https:\/\/cptsdracenie.fr\/index.php\/wp-json\/wp\/v2\/pages\/13102\/revisions\/13127"}],"up":[{"embeddable":true,"href":"https:\/\/cptsdracenie.fr\/index.php\/wp-json\/wp\/v2\/pages\/11385"}],"wp:featuredmedia":[{"embeddable":true,"href":"https:\/\/cptsdracenie.fr\/index.php\/wp-json\/wp\/v2\/media\/13105"}],"wp:attachment":[{"href":"https:\/\/cptsdracenie.fr\/index.php\/wp-json\/wp\/v2\/media?parent=13102"}],"curies":[{"name":"wp","href":"https:\/\/api.w.org\/{rel}","templated":true}]}}