{"id":3891,"date":"2022-08-23T14:51:26","date_gmt":"2022-08-23T12:51:26","guid":{"rendered":"https:\/\/cptsdracenie.fr\/?page_id=3891"},"modified":"2022-09-09T13:56:21","modified_gmt":"2022-09-09T11:56:21","slug":"quest-ce-que-le-papillomavirus-hpv","status":"publish","type":"page","link":"https:\/\/cptsdracenie.fr\/index.php\/mission-de-sante\/groupe-de-travail-prevention\/quest-ce-que-le-papillomavirus-hpv\/","title":{"rendered":"Qu&rsquo;est-ce que le Papillomavirus (HPV) ?"},"content":{"rendered":"\n<div class=\"wp-block-buttons is-content-justification-center is-layout-flex wp-container-core-buttons-is-layout-16018d1d wp-block-buttons-is-layout-flex\">\n<div class=\"wp-block-button\"><a class=\"wp-block-button__link\" href=\"https:\/\/www.has-sante.fr\/jcms\/p_3135747\/fr\/la-has-recommande-de-vacciner-aussi-les-garcons-contre-les-papillomavirus\">Recommandations HAS<\/a><\/div>\n<\/div>\n\n\n\n<div class=\"wp-block-columns is-layout-flex wp-container-core-columns-is-layout-9d6595d7 wp-block-columns-is-layout-flex\">\n<div class=\"wp-block-column is-layout-flow wp-block-column-is-layout-flow\">\n<figure class=\"wp-block-image size-full\"><img loading=\"lazy\" decoding=\"async\" width=\"376\" height=\"791\" src=\"https:\/\/cptsdracenie.fr\/wp-content\/uploads\/2022\/09\/image-1.png\" alt=\"\" class=\"wp-image-4591\" srcset=\"https:\/\/cptsdracenie.fr\/wp-content\/uploads\/2022\/09\/image-1.png 376w, https:\/\/cptsdracenie.fr\/wp-content\/uploads\/2022\/09\/image-1-143x300.png 143w\" sizes=\"auto, (max-width: 376px) 100vw, 376px\" \/><\/figure>\n<\/div>\n\n\n\n<div class=\"wp-block-column is-layout-flow wp-block-column-is-layout-flow\">\n<figure class=\"wp-block-image size-full\"><img loading=\"lazy\" decoding=\"async\" width=\"375\" height=\"791\" src=\"https:\/\/cptsdracenie.fr\/wp-content\/uploads\/2022\/09\/image-2.png\" alt=\"\" class=\"wp-image-4592\" srcset=\"https:\/\/cptsdracenie.fr\/wp-content\/uploads\/2022\/09\/image-2.png 375w, https:\/\/cptsdracenie.fr\/wp-content\/uploads\/2022\/09\/image-2-142x300.png 142w\" sizes=\"auto, (max-width: 375px) 100vw, 375px\" \/><\/figure>\n<\/div>\n\n\n\n<div class=\"wp-block-column is-layout-flow wp-block-column-is-layout-flow\"><\/div>\n\n\n\n<div class=\"wp-block-column is-layout-flow wp-block-column-is-layout-flow\">\n<figure class=\"wp-block-image size-full\"><img loading=\"lazy\" decoding=\"async\" width=\"361\" height=\"779\" src=\"https:\/\/cptsdracenie.fr\/wp-content\/uploads\/2022\/09\/image-5.png\" alt=\"\" class=\"wp-image-4595\" srcset=\"https:\/\/cptsdracenie.fr\/wp-content\/uploads\/2022\/09\/image-5.png 361w, https:\/\/cptsdracenie.fr\/wp-content\/uploads\/2022\/09\/image-5-139x300.png 139w\" sizes=\"auto, (max-width: 361px) 100vw, 361px\" \/><\/figure>\n<\/div>\n<\/div>\n\n\n\n<div class=\"wp-block-columns is-layout-flex wp-container-core-columns-is-layout-9d6595d7 wp-block-columns-is-layout-flex\">\n<div class=\"wp-block-column is-layout-flow wp-block-column-is-layout-flow\">\n<figure class=\"wp-block-image size-full\"><img loading=\"lazy\" decoding=\"async\" width=\"357\" height=\"783\" src=\"https:\/\/cptsdracenie.fr\/wp-content\/uploads\/2022\/09\/image-4.png\" alt=\"\" class=\"wp-image-4594\" srcset=\"https:\/\/cptsdracenie.fr\/wp-content\/uploads\/2022\/09\/image-4.png 357w, https:\/\/cptsdracenie.fr\/wp-content\/uploads\/2022\/09\/image-4-137x300.png 137w\" sizes=\"auto, (max-width: 357px) 100vw, 357px\" \/><\/figure>\n<\/div>\n\n\n\n<div class=\"wp-block-column is-layout-flow wp-block-column-is-layout-flow\">\n<figure class=\"wp-block-image size-full\"><img loading=\"lazy\" decoding=\"async\" width=\"370\" height=\"785\" src=\"https:\/\/cptsdracenie.fr\/wp-content\/uploads\/2022\/09\/image-6.png\" alt=\"\" class=\"wp-image-4596\" srcset=\"https:\/\/cptsdracenie.fr\/wp-content\/uploads\/2022\/09\/image-6.png 370w, https:\/\/cptsdracenie.fr\/wp-content\/uploads\/2022\/09\/image-6-141x300.png 141w\" sizes=\"auto, (max-width: 370px) 100vw, 370px\" \/><\/figure>\n<\/div>\n<\/div>\n\n\n\n<p><\/p>\n\n\n\n<p>Le papillomavirus humain (HPV) est l\u2019infection virale la plus courante de l\u2019appareil reproducteur. <strong>La plupart des hommes et des femmes ayant une activit\u00e9 sexuelle seront infect\u00e9s \u00e0&nbsp;un moment de leur vie <\/strong>et certains risquent de l\u2019\u00eatre \u00e0 plusieurs reprises. <\/p>\n\n\n\n<p>Il existe de nombreux types d\u2019HPV. Certains peuvent \u00eatre des l\u00e9sions cutan\u00e9es, g\u00e9nitales non canc\u00e9rog\u00e8nes tandis que d\u2019autres types, tels que les <strong><em>16 et 18*<\/em><\/strong>, peuvent provoquer des infections chroniques, ou encore le cancer du col de l\u2019ut\u00e9rus.<\/p>\n\n\n\n<p>La p\u00e9riode de contamination critique pour les femmes comme pour les hommes se situe <strong>au tout d\u00e9but de l\u2019activit\u00e9 sexuelle. <\/strong>Le HPV se transmet au cours des rapports sexuels, m\u00eame si ceux-ci sont prot\u00e9g\u00e9s.<\/p>\n\n\n\n<p>Les types de HPV non canc\u00e9rog\u00e8nes peuvent provoquer des <strong>condylomes acumin\u00e9s<\/strong> <em>(tumeurs b\u00e9nignes), <\/em>des verrues ou encore le cancer de l\u2019anus et de la verge chez l\u2019homme.<\/p>\n\n\n\n<h3 class=\"wp-block-heading\"><strong>Principaux faits : <\/strong><\/h3>\n\n\n\n<ul class=\"wp-block-list\"><li>Le papillomavirus humain (HPV) repr\u00e9sente un groupe de virus extr\u00eamement courants dans le monde,<\/li><li>Il existe plus de 200 types de HPV, dont au moins 14 sont <strong>canc\u00e9rog\u00e8nes<\/strong>,<\/li><li>Deux types de HPV <strong><em>(16 et 18*) <\/em><\/strong>&nbsp;provoquent 70% des cancers et des l\u00e9sions pr\u00e9canc\u00e9reuses du col de l\u2019ut\u00e9rus,<\/li><li>Les vaccins contre le HPV sont <strong>recommand\u00e9s par l\u2019OMS<\/strong> et leur utilisation a \u00e9t\u00e9 approuv\u00e9e dans de nombreux pays,<\/li><li>Les essais cliniques et la surveillance post-commercialisation ont montr\u00e9 que<strong> les vaccins contre le papillomavirus humain sont s\u00fbrs et<\/strong> <strong>efficaces<\/strong> pour pr\u00e9venir les infections par le HPV&nbsp;: <a href=\"https:\/\/www.has-sante.fr\/upload\/docs\/application\/pdf\/2012-05\/gardasil_cervarix_synthse.pdf\">https:\/\/www.has-sante.fr\/upload\/docs\/application\/pdf\/2012-05\/gardasil_cervarix_synthse.pdf<\/a><\/li><li>Le d\u00e9pistage et le traitement des l\u00e9sions pr\u00e9canc\u00e9reuses chez les femmes \u00e0 partir de 25 ans sont des m\u00e9thodes fiables, efficaces et peu invasives permettant de pr\u00e9venir le cancer du col de l\u2019ut\u00e9rus.<\/li><\/ul>\n\n\n\n<h3 class=\"wp-block-heading\"><strong>Comment l&rsquo;infection \u00e0 HPV conduit -elle au cancer du col de l&rsquo;ut\u00e9rus? <\/strong><\/h3>\n\n\n\n<p>Si la plupart des infections \u00e0 HPV disparaissent d\u2019elles-m\u00eames et la plupart des l\u00e9sions pr\u00e9canc\u00e9reuses se r\u00e9solvent spontan\u00e9ment, le risque d\u2019\u00e9volution de l\u2019infection \u00e0 HPV vers une maladie chronique ou des l\u00e9sions pr\u00e9canc\u00e9reuses vers un cancer du col invasif existe pour toutes les femmes.<\/p>\n\n\n\n<p>Un cancer du col met <strong>5 \u00e0 20&nbsp;ans<\/strong> \u00e0 se d\u00e9velopper en fonction du syst\u00e8me immunitaire du sujet (infection VIH, infection VIH immuno-d\u00e9prim\u00e9, syst\u00e8me immunitaire affaibli).<\/p>\n\n\n\n<h3 class=\"wp-block-heading\"><strong>Quels sont les facteurs de risque de persistance du PVH et de d\u00e9veloppement du cancer du col de l&rsquo;ut\u00e9rus ?<\/strong><\/h3>\n\n\n\n<p class=\"has-colibri-color-6-color has-text-color\"><\/p>\n\n\n\n<ul class=\"wp-block-list\"><li>Le type de HPV \u2013 l\u2019oncog\u00e9nicit\u00e9 <em>(pouvoir canc\u00e9rig\u00e8ne&nbsp;du virus)<\/em>,<\/li><li>L\u2019\u00e9tat immunitaire \u2013 les personnes chez qui les d\u00e9fenses immunitaires sont faibles, comme celles vivant avec le VIH, sont plus susceptibles d\u2019avoir une infection \u00e0 HPV persistante qui risque d\u2019\u00e9voluer plus rapidement vers des l\u00e9sions pr\u00e9canc\u00e9reuses ou un cancer,<\/li><li>La co\u2011infection avec d\u2019autres agents sexuellement transmissibles, tels que ceux qui causent l\u2019herp\u00e8s, la chlamydiose et la gonorrh\u00e9e,<\/li><li>Le tabagisme,<\/li><li>La multiplicit\u00e9 des partenaires sexuels.<\/li><\/ul>\n\n\n\n<h3 class=\"wp-block-heading\"><strong>Lutte contre le cancer de l&rsquo;ut\u00e9rus <\/strong><\/h3>\n\n\n\n<p class=\"has-colibri-color-6-color has-text-color\"><\/p>\n\n\n\n<p>L\u2019organisation Mondiale de la Sant\u00e9 (OMS), en vue d\u2019acc\u00e9l\u00e9rer l\u2019\u00e9limination du cancer du col de l\u2019ut\u00e9rus, <strong>recommande une approche globale<\/strong> pour pr\u00e9venir et combattre ce cancer.<\/p>\n\n\n\n<h3 class=\"wp-block-heading\"><strong><u>La s\u00e9rie de mesures recommand\u00e9es comprend des interventions tout au long de la vie :<\/u><\/strong> <\/h3>\n\n\n\n<p class=\"has-text-align-center has-colibri-color-6-color has-text-color\"><strong>Vaccination anti-HPV<\/strong><\/p>\n\n\n\n<p><strong><u>Gardasil 9<\/u><\/strong> est indiqu\u00e9 pour l\u2019immunisation active des individus \u00e0 partir de 11 ans contre les maladies dues aux HPV.<\/p>\n\n\n\n<p>Sont concern\u00e9s par ce vaccin&nbsp;:<\/p>\n\n\n\n<ul class=\"wp-block-list\"><li>L\u2019HAS <em>(Haute Autorit\u00e9 de la Sant\u00e9)<\/em> recommande la vaccination pour toutes les filles et les gar\u00e7ons de 11 \u00e0 14 ans r\u00e9volus, avec un rattrapage possible pour tous les adolescents et jeunes adultes (hommes et femmes) de 11 \u00e0 19 ans inclus.<\/li><\/ul>\n\n\n\n<p class=\"has-text-align-center\"><em>A noter qu\u2019en vaccinant les gar\u00e7ons, on prot\u00e8ge les filles et les femmes non vaccin\u00e9es, de l\u2019infection et donc du risque de cancer de l\u2019ut\u00e9rus et de la vulve. En effet, ce virus se transmettant par contact, les hommes peuvent le transmettre aux femmes, autant que l\u2019inverse.<\/em><\/p>\n\n\n\n<ul class=\"wp-block-list\"><li>Les hommes ayant des relations sexuelles avec des hommes jusqu\u2019\u00e0 l\u2019\u00e2ge de 26 ans.<\/li><\/ul>\n\n\n\n<p class=\"has-text-align-center\">Le sch\u00e9ma de vaccination consiste en l\u2019administration de <strong>deux doses<\/strong> de vaccin Gardasil 9 chez les 11-14 ans r\u00e9volus et <strong>trois doses <\/strong>chez les 15-19 ans r\u00e9solus.<\/p>\n\n\n\n<p><\/p>\n\n\n\n<h4 class=\"has-text-align-center wp-block-heading\"> <strong>Pr\u00e9vention primaire (Filles\/Gar\u00e7ons) :<\/strong><\/h4>\n\n\n\n<ul class=\"wp-block-list\"><li>Vaccination HPV,<\/li><li>Informations sur la sant\u00e9 et mises en garde contre la consommation de tabac,<\/li><li>Education sexuelle adapt\u00e9e \u00e0 l\u2019\u00e2ge et \u00e0 la culture,<\/li><li>Promotion de l\u2019utilisation des pr\u00e9servatifs,<\/li><li>Circoncision masculine.<\/li><\/ul>\n\n\n\n<p>La pr\u00e9vention primaire commence par la vaccination contre le HPV des jeunes filles entre <strong>11 et 19 ans<\/strong>, avant le d\u00e9but de leur activit\u00e9 sexuelle. Il en est de m\u00eame pour les gar\u00e7ons.<\/p>\n\n\n\n<h4 class=\"has-text-align-center wp-block-heading\"><strong>Pr\u00e9vention secondaire<\/strong> (<strong>Femmes \u00e0 partir de 25 ans)\u00a0:<\/strong><\/h4>\n\n\n\n<ul class=\"wp-block-list\"><li>D\u00e9pistage avec test haute performance de qualit\u00e9 \u00e9quivalente ou sup\u00e9rieure au test HPV,<\/li><\/ul>\n\n\n\n<ul class=\"wp-block-list\"><li>Suivi d\u2019un traitement imm\u00e9diat, ou le plus rapidement possible, des \u00e9ventuelles l\u00e9sions pr\u00e9canc\u00e9reuses. <\/li><\/ul>\n\n\n\n<p class=\"has-text-align-center has-colibri-color-6-color has-text-color\"><strong>Pr\u00e9vention tertiaire Traitement du cancer invasif \u00e0 tout \u00e2ge&nbsp;:<\/strong><\/p>\n\n\n\n<ul class=\"wp-block-list\"><li>Chirurgie,<\/li><li>Radioth\u00e9rapie,<\/li><li>Chimioth\u00e9rapie,<\/li><li>Soins palliatifs.<\/li><\/ul>\n\n\n\n<p><\/p>\n\n\n\n<p>Sources : <a href=\"https:\/\/www.who.int\/fr\/news-room\/fact-sheets\/detail\/human-papillomavirus-(hpv)-and-cervical-cancer\"><em>https:\/\/www.who.int\/fr\/news-room\/fact-sheets\/detail\/human-papillomavirus-(hpv)-and-cervical-cancer<\/em><\/a>  <\/p>\n\n\n\n<p><a href=\"https:\/\/www.has-sante.fr\/jcms\/p_3160954\/fr\/gardasil-9-vaccin-papillomavirus-humain-9-valent-recombinant-adsorbe\">https:\/\/www.has-sante.fr\/jcms\/p_3160954\/fr\/gardasil-9-vaccin-papillomavirus-humain-9-valent-recombinant-adsorbe<\/a><\/p>\n\n\n\n<p><a href=\"https:\/\/www.has-sante.fr\/jcms\/p_3135747\/fr\/la-has-recommande-de-vacciner-aussi-les-garcons-contre-les-papillomavirus\">https:\/\/www.has-sante.fr\/jcms\/p_3135747\/fr\/la-has-recommande-de-vacciner-aussi-les-garcons-contre-les-papillomavirus<\/a><\/p>\n\n\n\n<p><a href=\"https:\/\/www.mesvaccins.net\/web\/vaccines\/523-gardasil-9\">https:\/\/www.mesvaccins.net\/web\/vaccines\/523-gardasil-9<\/a><\/p>\n","protected":false},"excerpt":{"rendered":"<p>Le papillomavirus humain (HPV) est l\u2019infection virale la plus courante de l\u2019appareil reproducteur. La plupart des hommes et des femmes ayant une activit\u00e9 sexuelle seront infect\u00e9s \u00e0&nbsp;un moment de leur vie et certains risquent de l\u2019\u00eatre \u00e0 plusieurs reprises. Il existe de nombreux types d\u2019HPV. Certains peuvent \u00eatre des l\u00e9sions cutan\u00e9es, g\u00e9nitales non canc\u00e9rog\u00e8nes tandis [&hellip;]<\/p>\n","protected":false},"author":1,"featured_media":0,"parent":85,"menu_order":3,"comment_status":"closed","ping_status":"closed","template":"","meta":{"footnotes":""},"class_list":["post-3891","page","type-page","status-publish","hentry"],"yoast_head":"<!-- This site is optimized with the Yoast SEO plugin v27.4 - https:\/\/yoast.com\/product\/yoast-seo-wordpress\/ -->\n<title>Qu&#039;est-ce que le Papillomavirus (HPV) ? &#8211; Communaut\u00e9 Professionnelle Territoriale de Sant\u00e9 Drac\u00e9nie Provence Verdon<\/title>\n<meta name=\"description\" content=\"CPTS Drac\u00e9nie Provence Verdon Draguignan Var M\u00e9decin Acc\u00e8s Soin Parcours\" \/>\n<meta name=\"robots\" content=\"index, follow, max-snippet:-1, max-image-preview:large, max-video-preview:-1\" \/>\n<link rel=\"canonical\" href=\"https:\/\/cptsdracenie.fr\/index.php\/mission-de-sante\/groupe-de-travail-prevention\/quest-ce-que-le-papillomavirus-hpv\/\" \/>\n<meta property=\"og:locale\" content=\"fr_FR\" \/>\n<meta property=\"og:type\" content=\"article\" \/>\n<meta property=\"og:title\" content=\"Qu&#039;est-ce que le Papillomavirus (HPV) ? &#8211; Communaut\u00e9 Professionnelle Territoriale de Sant\u00e9 Drac\u00e9nie Provence Verdon\" \/>\n<meta property=\"og:description\" content=\"CPTS Drac\u00e9nie Provence Verdon Draguignan Var M\u00e9decin Acc\u00e8s Soin Parcours\" \/>\n<meta property=\"og:url\" content=\"https:\/\/cptsdracenie.fr\/index.php\/mission-de-sante\/groupe-de-travail-prevention\/quest-ce-que-le-papillomavirus-hpv\/\" \/>\n<meta property=\"og:site_name\" content=\"Communaut\u00e9 Professionnelle Territoriale de Sant\u00e9 Drac\u00e9nie Provence Verdon\" \/>\n<meta property=\"article:publisher\" content=\"https:\/\/www.facebook.com\/CPTSDPV\/\" \/>\n<meta property=\"article:modified_time\" content=\"2022-09-09T11:56:21+00:00\" \/>\n<meta property=\"og:image\" content=\"https:\/\/cptsdracenie.fr\/wp-content\/uploads\/2022\/09\/image-1.png\" \/>\n<meta name=\"twitter:card\" content=\"summary_large_image\" \/>\n<meta name=\"twitter:label1\" content=\"Dur\u00e9e de lecture estim\u00e9e\" \/>\n\t<meta name=\"twitter:data1\" content=\"5 minutes\" \/>\n<script type=\"application\/ld+json\" class=\"yoast-schema-graph\">{\"@context\":\"https:\\\/\\\/schema.org\",\"@graph\":[{\"@type\":\"WebPage\",\"@id\":\"https:\\\/\\\/cptsdracenie.fr\\\/index.php\\\/mission-de-sante\\\/groupe-de-travail-prevention\\\/quest-ce-que-le-papillomavirus-hpv\\\/\",\"url\":\"https:\\\/\\\/cptsdracenie.fr\\\/index.php\\\/mission-de-sante\\\/groupe-de-travail-prevention\\\/quest-ce-que-le-papillomavirus-hpv\\\/\",\"name\":\"Qu'est-ce que le Papillomavirus (HPV) ? &#8211; Communaut\u00e9 Professionnelle Territoriale de Sant\u00e9 Drac\u00e9nie Provence Verdon\",\"isPartOf\":{\"@id\":\"https:\\\/\\\/cptsdracenie.fr\\\/#website\"},\"primaryImageOfPage\":{\"@id\":\"https:\\\/\\\/cptsdracenie.fr\\\/index.php\\\/mission-de-sante\\\/groupe-de-travail-prevention\\\/quest-ce-que-le-papillomavirus-hpv\\\/#primaryimage\"},\"image\":{\"@id\":\"https:\\\/\\\/cptsdracenie.fr\\\/index.php\\\/mission-de-sante\\\/groupe-de-travail-prevention\\\/quest-ce-que-le-papillomavirus-hpv\\\/#primaryimage\"},\"thumbnailUrl\":\"https:\\\/\\\/cptsdracenie.fr\\\/wp-content\\\/uploads\\\/2022\\\/09\\\/image-1.png\",\"datePublished\":\"2022-08-23T12:51:26+00:00\",\"dateModified\":\"2022-09-09T11:56:21+00:00\",\"description\":\"CPTS Drac\u00e9nie Provence Verdon Draguignan Var M\u00e9decin Acc\u00e8s Soin Parcours\",\"breadcrumb\":{\"@id\":\"https:\\\/\\\/cptsdracenie.fr\\\/index.php\\\/mission-de-sante\\\/groupe-de-travail-prevention\\\/quest-ce-que-le-papillomavirus-hpv\\\/#breadcrumb\"},\"inLanguage\":\"fr-FR\",\"potentialAction\":[{\"@type\":\"ReadAction\",\"target\":[\"https:\\\/\\\/cptsdracenie.fr\\\/index.php\\\/mission-de-sante\\\/groupe-de-travail-prevention\\\/quest-ce-que-le-papillomavirus-hpv\\\/\"]}]},{\"@type\":\"ImageObject\",\"inLanguage\":\"fr-FR\",\"@id\":\"https:\\\/\\\/cptsdracenie.fr\\\/index.php\\\/mission-de-sante\\\/groupe-de-travail-prevention\\\/quest-ce-que-le-papillomavirus-hpv\\\/#primaryimage\",\"url\":\"https:\\\/\\\/cptsdracenie.fr\\\/wp-content\\\/uploads\\\/2022\\\/09\\\/image-1.png\",\"contentUrl\":\"https:\\\/\\\/cptsdracenie.fr\\\/wp-content\\\/uploads\\\/2022\\\/09\\\/image-1.png\",\"width\":376,\"height\":791},{\"@type\":\"BreadcrumbList\",\"@id\":\"https:\\\/\\\/cptsdracenie.fr\\\/index.php\\\/mission-de-sante\\\/groupe-de-travail-prevention\\\/quest-ce-que-le-papillomavirus-hpv\\\/#breadcrumb\",\"itemListElement\":[{\"@type\":\"ListItem\",\"position\":1,\"name\":\"Accueil\",\"item\":\"https:\\\/\\\/cptsdracenie.fr\\\/\"},{\"@type\":\"ListItem\",\"position\":2,\"name\":\"Missions de sant\u00e9\",\"item\":\"https:\\\/\\\/cptsdracenie.fr\\\/index.php\\\/mission-de-sante\\\/\"},{\"@type\":\"ListItem\",\"position\":3,\"name\":\"Pr\u00e9vention\",\"item\":\"https:\\\/\\\/cptsdracenie.fr\\\/index.php\\\/mission-de-sante\\\/groupe-de-travail-prevention\\\/\"},{\"@type\":\"ListItem\",\"position\":4,\"name\":\"Qu&rsquo;est-ce que le Papillomavirus (HPV) ?\"}]},{\"@type\":\"WebSite\",\"@id\":\"https:\\\/\\\/cptsdracenie.fr\\\/#website\",\"url\":\"https:\\\/\\\/cptsdracenie.fr\\\/\",\"name\":\"CPTS DPV\",\"description\":\" CPTS Drac\u00e9nie Provence Verdon\",\"publisher\":{\"@id\":\"https:\\\/\\\/cptsdracenie.fr\\\/#organization\"},\"potentialAction\":[{\"@type\":\"SearchAction\",\"target\":{\"@type\":\"EntryPoint\",\"urlTemplate\":\"https:\\\/\\\/cptsdracenie.fr\\\/?s={search_term_string}\"},\"query-input\":{\"@type\":\"PropertyValueSpecification\",\"valueRequired\":true,\"valueName\":\"search_term_string\"}}],\"inLanguage\":\"fr-FR\"},{\"@type\":\"Organization\",\"@id\":\"https:\\\/\\\/cptsdracenie.fr\\\/#organization\",\"name\":\"CPTS Drac\u00e9nie-Provence-Verdon\",\"url\":\"https:\\\/\\\/cptsdracenie.fr\\\/\",\"logo\":{\"@type\":\"ImageObject\",\"inLanguage\":\"fr-FR\",\"@id\":\"https:\\\/\\\/cptsdracenie.fr\\\/#\\\/schema\\\/logo\\\/image\\\/\",\"url\":\"https:\\\/\\\/cptsdracenie.fr\\\/wp-content\\\/uploads\\\/2020\\\/01\\\/CPTS-version-2-blanc.png\",\"contentUrl\":\"https:\\\/\\\/cptsdracenie.fr\\\/wp-content\\\/uploads\\\/2020\\\/01\\\/CPTS-version-2-blanc.png\",\"width\":200,\"height\":200,\"caption\":\"CPTS Drac\u00e9nie-Provence-Verdon\"},\"image\":{\"@id\":\"https:\\\/\\\/cptsdracenie.fr\\\/#\\\/schema\\\/logo\\\/image\\\/\"},\"sameAs\":[\"https:\\\/\\\/www.facebook.com\\\/CPTSDPV\\\/\",\"https:\\\/\\\/www.linkedin.com\\\/company\\\/cpts-drac\u00e9nie-provence-verdon\\\/\"]}]}<\/script>\n<!-- \/ Yoast SEO plugin. -->","yoast_head_json":{"title":"Qu'est-ce que le Papillomavirus (HPV) ? &#8211; Communaut\u00e9 Professionnelle Territoriale de Sant\u00e9 Drac\u00e9nie Provence Verdon","description":"CPTS Drac\u00e9nie Provence Verdon Draguignan Var M\u00e9decin Acc\u00e8s Soin Parcours","robots":{"index":"index","follow":"follow","max-snippet":"max-snippet:-1","max-image-preview":"max-image-preview:large","max-video-preview":"max-video-preview:-1"},"canonical":"https:\/\/cptsdracenie.fr\/index.php\/mission-de-sante\/groupe-de-travail-prevention\/quest-ce-que-le-papillomavirus-hpv\/","og_locale":"fr_FR","og_type":"article","og_title":"Qu'est-ce que le Papillomavirus (HPV) ? &#8211; Communaut\u00e9 Professionnelle Territoriale de Sant\u00e9 Drac\u00e9nie Provence Verdon","og_description":"CPTS Drac\u00e9nie Provence Verdon Draguignan Var M\u00e9decin Acc\u00e8s Soin Parcours","og_url":"https:\/\/cptsdracenie.fr\/index.php\/mission-de-sante\/groupe-de-travail-prevention\/quest-ce-que-le-papillomavirus-hpv\/","og_site_name":"Communaut\u00e9 Professionnelle Territoriale de Sant\u00e9 Drac\u00e9nie Provence Verdon","article_publisher":"https:\/\/www.facebook.com\/CPTSDPV\/","article_modified_time":"2022-09-09T11:56:21+00:00","og_image":[{"url":"https:\/\/cptsdracenie.fr\/wp-content\/uploads\/2022\/09\/image-1.png","type":"","width":"","height":""}],"twitter_card":"summary_large_image","twitter_misc":{"Dur\u00e9e de lecture estim\u00e9e":"5 minutes"},"schema":{"@context":"https:\/\/schema.org","@graph":[{"@type":"WebPage","@id":"https:\/\/cptsdracenie.fr\/index.php\/mission-de-sante\/groupe-de-travail-prevention\/quest-ce-que-le-papillomavirus-hpv\/","url":"https:\/\/cptsdracenie.fr\/index.php\/mission-de-sante\/groupe-de-travail-prevention\/quest-ce-que-le-papillomavirus-hpv\/","name":"Qu'est-ce que le Papillomavirus (HPV) ? &#8211; Communaut\u00e9 Professionnelle Territoriale de Sant\u00e9 Drac\u00e9nie Provence Verdon","isPartOf":{"@id":"https:\/\/cptsdracenie.fr\/#website"},"primaryImageOfPage":{"@id":"https:\/\/cptsdracenie.fr\/index.php\/mission-de-sante\/groupe-de-travail-prevention\/quest-ce-que-le-papillomavirus-hpv\/#primaryimage"},"image":{"@id":"https:\/\/cptsdracenie.fr\/index.php\/mission-de-sante\/groupe-de-travail-prevention\/quest-ce-que-le-papillomavirus-hpv\/#primaryimage"},"thumbnailUrl":"https:\/\/cptsdracenie.fr\/wp-content\/uploads\/2022\/09\/image-1.png","datePublished":"2022-08-23T12:51:26+00:00","dateModified":"2022-09-09T11:56:21+00:00","description":"CPTS Drac\u00e9nie Provence Verdon Draguignan Var M\u00e9decin Acc\u00e8s Soin Parcours","breadcrumb":{"@id":"https:\/\/cptsdracenie.fr\/index.php\/mission-de-sante\/groupe-de-travail-prevention\/quest-ce-que-le-papillomavirus-hpv\/#breadcrumb"},"inLanguage":"fr-FR","potentialAction":[{"@type":"ReadAction","target":["https:\/\/cptsdracenie.fr\/index.php\/mission-de-sante\/groupe-de-travail-prevention\/quest-ce-que-le-papillomavirus-hpv\/"]}]},{"@type":"ImageObject","inLanguage":"fr-FR","@id":"https:\/\/cptsdracenie.fr\/index.php\/mission-de-sante\/groupe-de-travail-prevention\/quest-ce-que-le-papillomavirus-hpv\/#primaryimage","url":"https:\/\/cptsdracenie.fr\/wp-content\/uploads\/2022\/09\/image-1.png","contentUrl":"https:\/\/cptsdracenie.fr\/wp-content\/uploads\/2022\/09\/image-1.png","width":376,"height":791},{"@type":"BreadcrumbList","@id":"https:\/\/cptsdracenie.fr\/index.php\/mission-de-sante\/groupe-de-travail-prevention\/quest-ce-que-le-papillomavirus-hpv\/#breadcrumb","itemListElement":[{"@type":"ListItem","position":1,"name":"Accueil","item":"https:\/\/cptsdracenie.fr\/"},{"@type":"ListItem","position":2,"name":"Missions de sant\u00e9","item":"https:\/\/cptsdracenie.fr\/index.php\/mission-de-sante\/"},{"@type":"ListItem","position":3,"name":"Pr\u00e9vention","item":"https:\/\/cptsdracenie.fr\/index.php\/mission-de-sante\/groupe-de-travail-prevention\/"},{"@type":"ListItem","position":4,"name":"Qu&rsquo;est-ce que le Papillomavirus (HPV) ?"}]},{"@type":"WebSite","@id":"https:\/\/cptsdracenie.fr\/#website","url":"https:\/\/cptsdracenie.fr\/","name":"CPTS DPV","description":" CPTS Drac\u00e9nie Provence Verdon","publisher":{"@id":"https:\/\/cptsdracenie.fr\/#organization"},"potentialAction":[{"@type":"SearchAction","target":{"@type":"EntryPoint","urlTemplate":"https:\/\/cptsdracenie.fr\/?s={search_term_string}"},"query-input":{"@type":"PropertyValueSpecification","valueRequired":true,"valueName":"search_term_string"}}],"inLanguage":"fr-FR"},{"@type":"Organization","@id":"https:\/\/cptsdracenie.fr\/#organization","name":"CPTS Drac\u00e9nie-Provence-Verdon","url":"https:\/\/cptsdracenie.fr\/","logo":{"@type":"ImageObject","inLanguage":"fr-FR","@id":"https:\/\/cptsdracenie.fr\/#\/schema\/logo\/image\/","url":"https:\/\/cptsdracenie.fr\/wp-content\/uploads\/2020\/01\/CPTS-version-2-blanc.png","contentUrl":"https:\/\/cptsdracenie.fr\/wp-content\/uploads\/2020\/01\/CPTS-version-2-blanc.png","width":200,"height":200,"caption":"CPTS Drac\u00e9nie-Provence-Verdon"},"image":{"@id":"https:\/\/cptsdracenie.fr\/#\/schema\/logo\/image\/"},"sameAs":["https:\/\/www.facebook.com\/CPTSDPV\/","https:\/\/www.linkedin.com\/company\/cpts-drac\u00e9nie-provence-verdon\/"]}]}},"_links":{"self":[{"href":"https:\/\/cptsdracenie.fr\/index.php\/wp-json\/wp\/v2\/pages\/3891","targetHints":{"allow":["GET"]}}],"collection":[{"href":"https:\/\/cptsdracenie.fr\/index.php\/wp-json\/wp\/v2\/pages"}],"about":[{"href":"https:\/\/cptsdracenie.fr\/index.php\/wp-json\/wp\/v2\/types\/page"}],"author":[{"embeddable":true,"href":"https:\/\/cptsdracenie.fr\/index.php\/wp-json\/wp\/v2\/users\/1"}],"replies":[{"embeddable":true,"href":"https:\/\/cptsdracenie.fr\/index.php\/wp-json\/wp\/v2\/comments?post=3891"}],"version-history":[{"count":20,"href":"https:\/\/cptsdracenie.fr\/index.php\/wp-json\/wp\/v2\/pages\/3891\/revisions"}],"predecessor-version":[{"id":4603,"href":"https:\/\/cptsdracenie.fr\/index.php\/wp-json\/wp\/v2\/pages\/3891\/revisions\/4603"}],"up":[{"embeddable":true,"href":"https:\/\/cptsdracenie.fr\/index.php\/wp-json\/wp\/v2\/pages\/85"}],"wp:attachment":[{"href":"https:\/\/cptsdracenie.fr\/index.php\/wp-json\/wp\/v2\/media?parent=3891"}],"curies":[{"name":"wp","href":"https:\/\/api.w.org\/{rel}","templated":true}]}}