{"id":5882,"date":"2022-11-14T13:18:58","date_gmt":"2022-11-14T12:18:58","guid":{"rendered":"https:\/\/cptsdracenie.fr\/?page_id=5882"},"modified":"2022-12-06T11:03:07","modified_gmt":"2022-12-06T10:03:07","slug":"parcours-covid","status":"publish","type":"page","link":"https:\/\/cptsdracenie.fr\/index.php\/mission-de-sante\/parcours-de-soins\/parcours-covid\/","title":{"rendered":"Parcours Covid"},"content":{"rendered":"\n<figure class=\"wp-block-video aligncenter\"><video height=\"1180\" style=\"aspect-ratio: 1180 \/ 1180;\" width=\"1180\" autoplay controls loop muted src=\"https:\/\/cptsdracenie.fr\/wp-content\/uploads\/2022\/10\/Le-Covid-long-comment-le-diagnostiquer-et-le-traiter.mp4\"><\/video><\/figure>\n\n\n\n<p class=\"has-text-align-center\">Gestion de la crise sanitaire, vaccination, consultation, d\u00e9pistage, logigramme de prise en charge, veille sanitaire&#8230;<\/p>\n\n\n\n<p>Pour les parcours Covid Long, le DAC ( Dispositif d&rsquo;Appui \u00e0 la Coordination) et la CPTS vous accompagnent. Pour toutes demandes vous pouvez les contacter directement au  04 94 47 02 02 ou via leur <a href=\"https:\/\/www.ctavarest.fr\/la-pta-et-ses-services\/#:~:text=La%20Plateforme%20Teritoriale%20d%E2%80%99Appui%20%28PTA%29%20du%20Var-Est%20est,des%20personnes%20%C3%A2g%C3%A9es%20en%20risque%20de%20perte%20d%E2%80%99autonomie.\">site internet<\/a>.<\/p>\n\n\n\n<figure class=\"wp-block-image size-large\"><img loading=\"lazy\" decoding=\"async\" width=\"1024\" height=\"667\" src=\"https:\/\/cptsdracenie.fr\/wp-content\/uploads\/2022\/09\/image-8-1024x667.png\" alt=\"\" class=\"wp-image-4726\" srcset=\"https:\/\/cptsdracenie.fr\/wp-content\/uploads\/2022\/09\/image-8-1024x667.png 1024w, https:\/\/cptsdracenie.fr\/wp-content\/uploads\/2022\/09\/image-8-300x195.png 300w, https:\/\/cptsdracenie.fr\/wp-content\/uploads\/2022\/09\/image-8-768x500.png 768w, https:\/\/cptsdracenie.fr\/wp-content\/uploads\/2022\/09\/image-8.png 1243w\" sizes=\"auto, (max-width: 1024px) 100vw, 1024px\" \/><\/figure>\n","protected":false},"excerpt":{"rendered":"<p>Gestion de la crise sanitaire, vaccination, consultation, d\u00e9pistage, logigramme de prise en charge, veille sanitaire&#8230; Pour les parcours Covid Long, le DAC ( Dispositif d&rsquo;Appui \u00e0 la Coordination) et la CPTS vous accompagnent. Pour toutes demandes vous pouvez les contacter directement au 04 94 47 02 02 ou via leur site internet.<\/p>\n","protected":false},"author":4,"featured_media":0,"parent":82,"menu_order":1,"comment_status":"closed","ping_status":"closed","template":"","meta":{"footnotes":""},"class_list":["post-5882","page","type-page","status-publish","hentry"],"yoast_head":"<!-- This site is optimized with the Yoast SEO plugin v27.3 - https:\/\/yoast.com\/product\/yoast-seo-wordpress\/ -->\n<title>Parcours Covid &#8211; Communaut\u00e9 Professionnelle Territoriale de Sant\u00e9 Drac\u00e9nie Provence Verdon<\/title>\n<meta name=\"description\" content=\"CPTS Drac\u00e9nie Provence Verdon Draguignan Var M\u00e9decin Acc\u00e8s Soin Parcours\" \/>\n<meta name=\"robots\" content=\"index, follow, max-snippet:-1, max-image-preview:large, max-video-preview:-1\" \/>\n<link rel=\"canonical\" href=\"https:\/\/cptsdracenie.fr\/index.php\/mission-de-sante\/parcours-de-soins\/parcours-covid\/\" \/>\n<meta property=\"og:locale\" content=\"fr_FR\" \/>\n<meta property=\"og:type\" content=\"article\" \/>\n<meta property=\"og:title\" content=\"Parcours Covid &#8211; Communaut\u00e9 Professionnelle Territoriale de Sant\u00e9 Drac\u00e9nie Provence Verdon\" \/>\n<meta property=\"og:description\" content=\"CPTS Drac\u00e9nie Provence Verdon Draguignan Var M\u00e9decin Acc\u00e8s Soin Parcours\" \/>\n<meta property=\"og:url\" content=\"https:\/\/cptsdracenie.fr\/index.php\/mission-de-sante\/parcours-de-soins\/parcours-covid\/\" \/>\n<meta property=\"og:site_name\" content=\"Communaut\u00e9 Professionnelle Territoriale de Sant\u00e9 Drac\u00e9nie Provence Verdon\" \/>\n<meta property=\"article:publisher\" content=\"https:\/\/www.facebook.com\/CPTSDPV\/\" \/>\n<meta property=\"article:modified_time\" content=\"2022-12-06T10:03:07+00:00\" \/>\n<meta property=\"og:image\" content=\"https:\/\/cptsdracenie.fr\/wp-content\/uploads\/2022\/09\/image-8-1024x667.png\" \/>\n<meta name=\"twitter:card\" content=\"summary_large_image\" \/>\n<meta name=\"twitter:label1\" content=\"Dur\u00e9e de lecture estim\u00e9e\" \/>\n\t<meta name=\"twitter:data1\" content=\"1 minute\" \/>\n<script type=\"application\/ld+json\" class=\"yoast-schema-graph\">{\"@context\":\"https:\\\/\\\/schema.org\",\"@graph\":[{\"@type\":\"WebPage\",\"@id\":\"https:\\\/\\\/cptsdracenie.fr\\\/index.php\\\/mission-de-sante\\\/parcours-de-soins\\\/parcours-covid\\\/\",\"url\":\"https:\\\/\\\/cptsdracenie.fr\\\/index.php\\\/mission-de-sante\\\/parcours-de-soins\\\/parcours-covid\\\/\",\"name\":\"Parcours Covid &#8211; Communaut\u00e9 Professionnelle Territoriale de Sant\u00e9 Drac\u00e9nie Provence Verdon\",\"isPartOf\":{\"@id\":\"https:\\\/\\\/cptsdracenie.fr\\\/#website\"},\"primaryImageOfPage\":{\"@id\":\"https:\\\/\\\/cptsdracenie.fr\\\/index.php\\\/mission-de-sante\\\/parcours-de-soins\\\/parcours-covid\\\/#primaryimage\"},\"image\":{\"@id\":\"https:\\\/\\\/cptsdracenie.fr\\\/index.php\\\/mission-de-sante\\\/parcours-de-soins\\\/parcours-covid\\\/#primaryimage\"},\"thumbnailUrl\":\"https:\\\/\\\/cptsdracenie.fr\\\/wp-content\\\/uploads\\\/2022\\\/09\\\/image-8-1024x667.png\",\"datePublished\":\"2022-11-14T12:18:58+00:00\",\"dateModified\":\"2022-12-06T10:03:07+00:00\",\"description\":\"CPTS Drac\u00e9nie Provence Verdon Draguignan Var M\u00e9decin Acc\u00e8s Soin Parcours\",\"breadcrumb\":{\"@id\":\"https:\\\/\\\/cptsdracenie.fr\\\/index.php\\\/mission-de-sante\\\/parcours-de-soins\\\/parcours-covid\\\/#breadcrumb\"},\"inLanguage\":\"fr-FR\",\"potentialAction\":[{\"@type\":\"ReadAction\",\"target\":[\"https:\\\/\\\/cptsdracenie.fr\\\/index.php\\\/mission-de-sante\\\/parcours-de-soins\\\/parcours-covid\\\/\"]}]},{\"@type\":\"ImageObject\",\"inLanguage\":\"fr-FR\",\"@id\":\"https:\\\/\\\/cptsdracenie.fr\\\/index.php\\\/mission-de-sante\\\/parcours-de-soins\\\/parcours-covid\\\/#primaryimage\",\"url\":\"https:\\\/\\\/cptsdracenie.fr\\\/wp-content\\\/uploads\\\/2022\\\/09\\\/image-8.png\",\"contentUrl\":\"https:\\\/\\\/cptsdracenie.fr\\\/wp-content\\\/uploads\\\/2022\\\/09\\\/image-8.png\",\"width\":1243,\"height\":810},{\"@type\":\"BreadcrumbList\",\"@id\":\"https:\\\/\\\/cptsdracenie.fr\\\/index.php\\\/mission-de-sante\\\/parcours-de-soins\\\/parcours-covid\\\/#breadcrumb\",\"itemListElement\":[{\"@type\":\"ListItem\",\"position\":1,\"name\":\"Accueil\",\"item\":\"https:\\\/\\\/cptsdracenie.fr\\\/\"},{\"@type\":\"ListItem\",\"position\":2,\"name\":\"Missions de sant\u00e9\",\"item\":\"https:\\\/\\\/cptsdracenie.fr\\\/index.php\\\/mission-de-sante\\\/\"},{\"@type\":\"ListItem\",\"position\":3,\"name\":\"Parcours de soins\",\"item\":\"https:\\\/\\\/cptsdracenie.fr\\\/index.php\\\/mission-de-sante\\\/parcours-de-soins\\\/\"},{\"@type\":\"ListItem\",\"position\":4,\"name\":\"Parcours Covid\"}]},{\"@type\":\"WebSite\",\"@id\":\"https:\\\/\\\/cptsdracenie.fr\\\/#website\",\"url\":\"https:\\\/\\\/cptsdracenie.fr\\\/\",\"name\":\"CPTS DPV\",\"description\":\" CPTS Drac\u00e9nie Provence Verdon\",\"publisher\":{\"@id\":\"https:\\\/\\\/cptsdracenie.fr\\\/#organization\"},\"potentialAction\":[{\"@type\":\"SearchAction\",\"target\":{\"@type\":\"EntryPoint\",\"urlTemplate\":\"https:\\\/\\\/cptsdracenie.fr\\\/?s={search_term_string}\"},\"query-input\":{\"@type\":\"PropertyValueSpecification\",\"valueRequired\":true,\"valueName\":\"search_term_string\"}}],\"inLanguage\":\"fr-FR\"},{\"@type\":\"Organization\",\"@id\":\"https:\\\/\\\/cptsdracenie.fr\\\/#organization\",\"name\":\"CPTS Drac\u00e9nie-Provence-Verdon\",\"url\":\"https:\\\/\\\/cptsdracenie.fr\\\/\",\"logo\":{\"@type\":\"ImageObject\",\"inLanguage\":\"fr-FR\",\"@id\":\"https:\\\/\\\/cptsdracenie.fr\\\/#\\\/schema\\\/logo\\\/image\\\/\",\"url\":\"https:\\\/\\\/cptsdracenie.fr\\\/wp-content\\\/uploads\\\/2020\\\/01\\\/CPTS-version-2-blanc.png\",\"contentUrl\":\"https:\\\/\\\/cptsdracenie.fr\\\/wp-content\\\/uploads\\\/2020\\\/01\\\/CPTS-version-2-blanc.png\",\"width\":200,\"height\":200,\"caption\":\"CPTS Drac\u00e9nie-Provence-Verdon\"},\"image\":{\"@id\":\"https:\\\/\\\/cptsdracenie.fr\\\/#\\\/schema\\\/logo\\\/image\\\/\"},\"sameAs\":[\"https:\\\/\\\/www.facebook.com\\\/CPTSDPV\\\/\",\"https:\\\/\\\/www.linkedin.com\\\/company\\\/cpts-drac\u00e9nie-provence-verdon\\\/\"]}]}<\/script>\n<!-- \/ Yoast SEO plugin. -->","yoast_head_json":{"title":"Parcours Covid &#8211; Communaut\u00e9 Professionnelle Territoriale de Sant\u00e9 Drac\u00e9nie Provence Verdon","description":"CPTS Drac\u00e9nie Provence Verdon Draguignan Var M\u00e9decin Acc\u00e8s Soin Parcours","robots":{"index":"index","follow":"follow","max-snippet":"max-snippet:-1","max-image-preview":"max-image-preview:large","max-video-preview":"max-video-preview:-1"},"canonical":"https:\/\/cptsdracenie.fr\/index.php\/mission-de-sante\/parcours-de-soins\/parcours-covid\/","og_locale":"fr_FR","og_type":"article","og_title":"Parcours Covid &#8211; Communaut\u00e9 Professionnelle Territoriale de Sant\u00e9 Drac\u00e9nie Provence Verdon","og_description":"CPTS Drac\u00e9nie Provence Verdon Draguignan Var M\u00e9decin Acc\u00e8s Soin Parcours","og_url":"https:\/\/cptsdracenie.fr\/index.php\/mission-de-sante\/parcours-de-soins\/parcours-covid\/","og_site_name":"Communaut\u00e9 Professionnelle Territoriale de Sant\u00e9 Drac\u00e9nie Provence Verdon","article_publisher":"https:\/\/www.facebook.com\/CPTSDPV\/","article_modified_time":"2022-12-06T10:03:07+00:00","og_image":[{"url":"https:\/\/cptsdracenie.fr\/wp-content\/uploads\/2022\/09\/image-8-1024x667.png","type":"","width":"","height":""}],"twitter_card":"summary_large_image","twitter_misc":{"Dur\u00e9e de lecture estim\u00e9e":"1 minute"},"schema":{"@context":"https:\/\/schema.org","@graph":[{"@type":"WebPage","@id":"https:\/\/cptsdracenie.fr\/index.php\/mission-de-sante\/parcours-de-soins\/parcours-covid\/","url":"https:\/\/cptsdracenie.fr\/index.php\/mission-de-sante\/parcours-de-soins\/parcours-covid\/","name":"Parcours Covid &#8211; Communaut\u00e9 Professionnelle Territoriale de Sant\u00e9 Drac\u00e9nie Provence Verdon","isPartOf":{"@id":"https:\/\/cptsdracenie.fr\/#website"},"primaryImageOfPage":{"@id":"https:\/\/cptsdracenie.fr\/index.php\/mission-de-sante\/parcours-de-soins\/parcours-covid\/#primaryimage"},"image":{"@id":"https:\/\/cptsdracenie.fr\/index.php\/mission-de-sante\/parcours-de-soins\/parcours-covid\/#primaryimage"},"thumbnailUrl":"https:\/\/cptsdracenie.fr\/wp-content\/uploads\/2022\/09\/image-8-1024x667.png","datePublished":"2022-11-14T12:18:58+00:00","dateModified":"2022-12-06T10:03:07+00:00","description":"CPTS Drac\u00e9nie Provence Verdon Draguignan Var M\u00e9decin Acc\u00e8s Soin Parcours","breadcrumb":{"@id":"https:\/\/cptsdracenie.fr\/index.php\/mission-de-sante\/parcours-de-soins\/parcours-covid\/#breadcrumb"},"inLanguage":"fr-FR","potentialAction":[{"@type":"ReadAction","target":["https:\/\/cptsdracenie.fr\/index.php\/mission-de-sante\/parcours-de-soins\/parcours-covid\/"]}]},{"@type":"ImageObject","inLanguage":"fr-FR","@id":"https:\/\/cptsdracenie.fr\/index.php\/mission-de-sante\/parcours-de-soins\/parcours-covid\/#primaryimage","url":"https:\/\/cptsdracenie.fr\/wp-content\/uploads\/2022\/09\/image-8.png","contentUrl":"https:\/\/cptsdracenie.fr\/wp-content\/uploads\/2022\/09\/image-8.png","width":1243,"height":810},{"@type":"BreadcrumbList","@id":"https:\/\/cptsdracenie.fr\/index.php\/mission-de-sante\/parcours-de-soins\/parcours-covid\/#breadcrumb","itemListElement":[{"@type":"ListItem","position":1,"name":"Accueil","item":"https:\/\/cptsdracenie.fr\/"},{"@type":"ListItem","position":2,"name":"Missions de sant\u00e9","item":"https:\/\/cptsdracenie.fr\/index.php\/mission-de-sante\/"},{"@type":"ListItem","position":3,"name":"Parcours de soins","item":"https:\/\/cptsdracenie.fr\/index.php\/mission-de-sante\/parcours-de-soins\/"},{"@type":"ListItem","position":4,"name":"Parcours Covid"}]},{"@type":"WebSite","@id":"https:\/\/cptsdracenie.fr\/#website","url":"https:\/\/cptsdracenie.fr\/","name":"CPTS DPV","description":" CPTS Drac\u00e9nie Provence Verdon","publisher":{"@id":"https:\/\/cptsdracenie.fr\/#organization"},"potentialAction":[{"@type":"SearchAction","target":{"@type":"EntryPoint","urlTemplate":"https:\/\/cptsdracenie.fr\/?s={search_term_string}"},"query-input":{"@type":"PropertyValueSpecification","valueRequired":true,"valueName":"search_term_string"}}],"inLanguage":"fr-FR"},{"@type":"Organization","@id":"https:\/\/cptsdracenie.fr\/#organization","name":"CPTS Drac\u00e9nie-Provence-Verdon","url":"https:\/\/cptsdracenie.fr\/","logo":{"@type":"ImageObject","inLanguage":"fr-FR","@id":"https:\/\/cptsdracenie.fr\/#\/schema\/logo\/image\/","url":"https:\/\/cptsdracenie.fr\/wp-content\/uploads\/2020\/01\/CPTS-version-2-blanc.png","contentUrl":"https:\/\/cptsdracenie.fr\/wp-content\/uploads\/2020\/01\/CPTS-version-2-blanc.png","width":200,"height":200,"caption":"CPTS Drac\u00e9nie-Provence-Verdon"},"image":{"@id":"https:\/\/cptsdracenie.fr\/#\/schema\/logo\/image\/"},"sameAs":["https:\/\/www.facebook.com\/CPTSDPV\/","https:\/\/www.linkedin.com\/company\/cpts-drac\u00e9nie-provence-verdon\/"]}]}},"_links":{"self":[{"href":"https:\/\/cptsdracenie.fr\/index.php\/wp-json\/wp\/v2\/pages\/5882","targetHints":{"allow":["GET"]}}],"collection":[{"href":"https:\/\/cptsdracenie.fr\/index.php\/wp-json\/wp\/v2\/pages"}],"about":[{"href":"https:\/\/cptsdracenie.fr\/index.php\/wp-json\/wp\/v2\/types\/page"}],"author":[{"embeddable":true,"href":"https:\/\/cptsdracenie.fr\/index.php\/wp-json\/wp\/v2\/users\/4"}],"replies":[{"embeddable":true,"href":"https:\/\/cptsdracenie.fr\/index.php\/wp-json\/wp\/v2\/comments?post=5882"}],"version-history":[{"count":1,"href":"https:\/\/cptsdracenie.fr\/index.php\/wp-json\/wp\/v2\/pages\/5882\/revisions"}],"predecessor-version":[{"id":5885,"href":"https:\/\/cptsdracenie.fr\/index.php\/wp-json\/wp\/v2\/pages\/5882\/revisions\/5885"}],"up":[{"embeddable":true,"href":"https:\/\/cptsdracenie.fr\/index.php\/wp-json\/wp\/v2\/pages\/82"}],"wp:attachment":[{"href":"https:\/\/cptsdracenie.fr\/index.php\/wp-json\/wp\/v2\/media?parent=5882"}],"curies":[{"name":"wp","href":"https:\/\/api.w.org\/{rel}","templated":true}]}}